{"id":17,"date":"2017-05-03T11:59:09","date_gmt":"2017-05-03T17:59:09","guid":{"rendered":"http:\/\/papime.shidix.es\/?page_id=17"},"modified":"2022-06-12T12:35:33","modified_gmt":"2022-06-12T18:35:33","slug":"acerca-de","status":"publish","type":"page","link":"https:\/\/www.omairagonzalez.com\/index.php\/acerca-de\/","title":{"rendered":"Acerca de"},"content":{"rendered":"<p>El objetivo de este proyecto es promover el pensamiento cient\u00edfico a trav\u00e9s de la astronom\u00eda a estudiantes en licenciatura y maestr\u00eda de todo M\u00e9xico. Este proyecto ha sido financiado a trav\u00e9s de la convocatoria PAPIME de DGAPA en 2016 (PE108016). La responsable principal es la Dra. Omaira Gonz\u00e1lez Mart\u00edn. Desde estos comienzos, hemos seguido manteniendo\u00a0la plataforma trav\u00e9s de proyectos de investigaci\u00f3n DGAPA PAPIIT (IA100516,\u00a0IA103118, y IN105720). \u00a0Son colaboradores actuales del proyecto:<\/p>\n<ul>\n<li>Daniel J. D\u00edaz Gonz\u00e1lez (T\u00e9cnico acad\u00e9mico Titular A, encargado del soporte de la plataforma).<\/li>\n<li>Carlos Carrasco Gonz\u00e1lez (Investigador Titular B, SNI II).<\/li>\n<li>Roberto Galv\u00e1n Madrid (Investigador Titular A, SNI II).<\/li>\n<li>Jacopo Fritz (Investigador Titular B, SNI II).<\/li>\n<li>Jes\u00fas Toal\u00e1 Sanz (Investigador Asociado C, SNI I).<\/li>\n<\/ul>\n<p>Para m\u00e1s informaci\u00f3n acerca de cada investigador (solo en ingl\u00e9s)&#8230;<\/p>\n<p><!--more--><\/p>\n<p><strong>Omaira Gonz\u00e1lez Mart\u00edn<\/strong><\/p>\n<div class=\"col-12 mb-3\">\n<p><img loading=\"lazy\" decoding=\"async\" class=\"size-full wp-image-272 alignleft\" src=\"https:\/\/www.omairagonzalez.com\/wp-content\/uploads\/2021\/08\/o-gonzalez-160x240.jpg\" alt=\"\" width=\"160\" height=\"240\" \/>Dr. Omaira Gonz\u00e1lez-Mart\u00edn obtained her degree in physics from the University of La Laguna, Spain, and her PhD in astrophysics from the Instituto de Astrof\u00edsica de Andalusia (IAA-CSIC) and the University of Granada. She did postdoctoral research at the University of Leicester, the University of Crete and the Instituto de Astrof\u00edsica de Canarias. She has been a researcher at the National Autonomous University of Mexico (UNAM) since 2014.<br \/>\nShe studies active galactic nuclei, principally in the Local Universe. In particular, she researches the properties of dust associated with these galaxies using advanced statistical techniques applied to large collections of observational data at mid-infrared and X-ray wavelengths.<br \/>\nCurrently, Dr. Gonz\u00e1lez-Mart\u00edn is the head of postgraduate studies in the Institute for Radioastronomy and Astrophysics (IRyA) and organizes the AGN group in the institute. In 2021 she was awarded the Reconocimiento Distinci\u00f3n Universidad Nacional para J\u00f3venes Acad\u00e9micas (RDUNJA) in the area of research in the exact sciences.<\/p>\n<\/div>\n<div class=\"col-12\">\n<div class=\"mb-1\"><small><strong>Research Area:\u00a0<\/strong><\/small>Active galactic nuclei (AGN); reddening due to dust and gas in AGN; accretion in AGN; evolution of the AGN and connection to evolution of the host galaxy; ultra luminous X-ray sources.<\/div>\n<\/div>\n<div class=\"mb-1\" style=\"text-align: right;\"><a href=\"https:\/\/groups.irya.unam.mx\/iryagn\/web\/ads\/getpub\/1\/\">Publication list<\/a><\/div>\n<div class=\"mb-1\"><\/div>\n<div class=\"mb-1\"><strong>Daniel Jacobo D\u00edaz Gonz\u00e1lez<\/strong><\/div>\n<div class=\"mb-1\"><\/div>\n<div class=\"mb-1\">\n<div class=\"col-12 mb-3\">\n<p><img loading=\"lazy\" decoding=\"async\" class=\"size-full wp-image-275 alignleft\" src=\"https:\/\/www.omairagonzalez.com\/wp-content\/uploads\/2017\/05\/d-diaz-160x240.jpg\" alt=\"\" width=\"160\" height=\"240\" \/>Daniel D\u00edaz graduated as Technical Engineer in Computer Systems and Computer Engineer from the University of La Laguna, Spain. He obtained his MSc in astrophysics at the National Autonomous University of Mexico (UNAM). He has been a member of the technical staff at the UNAM since 2019.<\/p>\n<p>He works on network monitoring, scientific computing and server administration in the Institute of Radioastronomy and Astrophysics (IRyA). He also offers support in scientific software development in the institute,<\/p>\n<\/div>\n<div class=\"col-12\">\n<div class=\"mb-1\"><\/div>\n<div class=\"mb-1\"><small><strong>Research Area:\u00a0<\/strong><\/small>Star formation; automated monitoring systems; intelligent agents; expert systems; machine learning; neural networks.<\/div>\n<\/div>\n<div class=\"mb-1\" style=\"text-align: right;\"><a href=\"https:\/\/groups.irya.unam.mx\/radio\/web\/ads\/getpub\/10\/\">Publication list<\/a><\/div>\n<p><strong>Carlos Carrasco Gonz\u00e1lez<\/strong><\/p>\n<\/div>\n<div class=\"mb-1\">\n<div class=\"col-12 mb-3\">\n<p>&nbsp;<\/p>\n<p><img loading=\"lazy\" decoding=\"async\" class=\"alignleft wp-image-277\" src=\"https:\/\/www.omairagonzalez.com\/wp-content\/uploads\/2017\/05\/c-carrasco.jpg\" alt=\"\" width=\"160\" height=\"187\" \/>Dr. Carlos Carrasco-Gonz\u00e1lez obtained his bachelor\u2019s degree in physics from the University of La Laguna, Spain, and his PhD in astrophysics from the University of Granada and the Instituto de Astrof\u00edsica de Andaluc\u00eda (IAA-CSIC) in 2010. He has been a researcher at the National Autonomous University of Mexico (UNAM) since 2013.<br \/>\nHe uses radio-inteferometric observations to study astrophysical jets and protoplanetary disks. In particular, he studies the magnetic field and collimation mechanisms in protostellar jets using the radio-interferometers ALMA (Atacama Large Millimeter Array) and VLA (Very Large Array). He also studies the evolution of dust and planet formation in protoplanetary disks.<br \/>\nDr. Carrasco-Gonz\u00e1lez has been head of postgraduate studies in astrophysics at the Institute of Radioastronomy and Astrophysics, and also organizes a summer research program in the IRyA for undergraduate students from Mexico and other Latin American countries.<\/p>\n<\/div>\n<div class=\"col-12\">\n<div class=\"mb-1\"><small><strong>Research Area:\u00a0<\/strong><\/small>Jets and disks in young stellar objects; magnetic fields; disk evolution; planet formation; astrophysical jets; particle acceleration.<\/div>\n<\/div>\n<div class=\"col-12 text-right\" style=\"text-align: right;\"><small><a href=\"https:\/\/groups.irya.unam.mx\/radio\/web\/ads\/getpub\/2\/\" target=\"_blank\" rel=\"noopener noreferrer\">Publicaciones<\/a><\/small><small><a href=\"https:\/\/ui.adsabs.harvard.edu\/search\/q=author:%22Carrasco-Gonzalez,%20C.%22%20collection:astronomy%20property:refereed%20year:1970-\" target=\"_blank\" rel=\"noopener noreferrer\">In ADS<\/a><\/small><\/div>\n<div class=\"col-12 text-right\" style=\"text-align: left;\"><strong>Roberto Galv\u00e1n Madrid<\/strong><\/div>\n<\/div>\n<div class=\"col-12 text-right\" style=\"text-align: left;\"><\/div>\n<div class=\"col-12 text-right\" style=\"text-align: left;\">\n<div class=\"col-12 mb-3\"><img loading=\"lazy\" decoding=\"async\" class=\"alignleft wp-image-343\" src=\"https:\/\/www.omairagonzalez.com\/wp-content\/uploads\/2017\/05\/RobertoGM_ALMA_casco_enhanced_orig_copia_h0gIduL.png\" alt=\"\" width=\"160\" height=\"187\" \/>Dr. Galv\u00e1n did his undergraduate studies in Physics at the Autonomous University of Nuevo Le\u00f3n (UANL), and his PhD in Astronomy at the National Autonomous University of Mexico (UNAM), working as a predoctoral fellow at the Harvard-Smithsonian Center for Astrophysics. Later he was a postdoctoral fellow at the European Southern Observatory (ESO) headquarters in Garching, Germany. He has been a researcher at the Institute of Radioastronomy and Astrophysics (IRyA) of the UNAM since 2014. Dr. Galv\u00e1n currently is the Head of Computing Services at IRyA. He was elected Young Affiliate Fellow by The World Academy of Sciences (TWAS) in 2015.<\/div>\n<div class=\"col-12\">\n<div class=\"mb-1\"><small><strong>Research Area<\/strong><\/small><\/div>\n<p>Study of the gas and dust involved in the formation of star clusters and individual stars, mainly using radio astronomy techniques. Production of observables from theoretical models.<\/p>\n<\/div>\n<div class=\"col-12 text-right\" style=\"text-align: right;\"><small><a href=\"https:\/\/groups.irya.unam.mx\/radio\/web\/ads\/getpub\/3\/\" target=\"_blank\" rel=\"noopener noreferrer\">Publicaciones<\/a><\/small><small><a href=\"https:\/\/ui.adsabs.harvard.edu\/search\/q=author:%22Galv%C3%A1n-Madrid,%20Roberto%22%20collection:astronomy%20property:refereed%20year:1970-\" target=\"_blank\" rel=\"noopener noreferrer\">In ADS<\/a><\/small><\/div>\n<\/div>\n<div class=\"col-12 text-right\"><strong>Jacopo Fritz<\/strong><\/div>\n<div class=\"col-12 text-right\"><\/div>\n<div class=\"col-12 text-right\">\n<div class=\"col-12 mb-3\">\n<p><img loading=\"lazy\" decoding=\"async\" class=\"alignleft wp-image-345\" src=\"https:\/\/www.omairagonzalez.com\/wp-content\/uploads\/2017\/05\/j-fritz.jpg\" alt=\"\" width=\"160\" height=\"239\" \/>Dr. Jacopo Fritz obtained his bachelor\u2019s degree in astronomy from the Universit\u00e0 degli Studi di Padova, Italy, and his PhD in astronomy from the same institution. He did postdoctoral research at the Padova and Bologna Astronomical Observatories, Italy, and also at the University of Ghent, Belgium. He has been a researcher at the National Autonomous University of Mexico (UNAM) since 2014.<\/p>\n<p>He studies the spectral energy distribution and stellar populations in galaxies undergoing ram-pressure stripping using radiative transfer models. He belongs to international consortia that are responsible for large observational projects, principally at infrared wavelengths. He is also interested in emission models of active galactic nuclei in the infrared.<\/p>\n<p>Currently, Dr. Fritz is head of the bibliographic collection and scientific information of the Institute of Radioastronomy and Astrophysics.<\/p>\n<\/div>\n<div class=\"col-12\">\n<div class=\"mb-1\"><\/div>\n<div class=\"mb-1\"><small><strong>Research Area:\u00a0<\/strong><\/small>Research interests: Galaxy evolution in clusters; spectral fitting of population synthesis models; dust radiative transfer modeling; modeling infrared emission from active galactic nuclei.<\/div>\n<\/div>\n<div class=\"col-12 text-right\" style=\"text-align: right;\"><small><a href=\"https:\/\/groups.irya.unam.mx\/extragalactic\/web\/ads\/getpub\/3\/\" target=\"_blank\" rel=\"noopener noreferrer\">Publicaciones<\/a><\/small><small><a href=\"https:\/\/ui.adsabs.harvard.edu\/user\/libraries\/JkF1LesTR3eodYN3vIZWSw\" target=\"_blank\" rel=\"noopener noreferrer\">In ADS<\/a><\/small><\/div>\n<\/div>\n<div class=\"col-12 text-right\" style=\"text-align: left;\"><strong>Jes\u00fas Toal\u00e1 Sanz<\/strong><\/div>\n<div class=\"col-12 text-right\" style=\"text-align: left;\"><\/div>\n<div class=\"col-12 text-right\" style=\"text-align: left;\">\n<div class=\"col-12 mb-3\">\n<p><img loading=\"lazy\" decoding=\"async\" class=\"wp-image-226 alignleft\" src=\"https:\/\/www.omairagonzalez.com\/wp-content\/uploads\/2017\/05\/j-toala-160x240.jpg\" alt=\"\" width=\"160\" height=\"240\" \/>El Dr. Jes\u00fas Toal\u00e1 estudi\u00f3 la licenciatura en f\u00edsica en la Universidad Aut\u00f3noma de Sinaloa y el doctorado en astrof\u00edsica en el Instituto de Astrof\u00edsica de Andalucia (IAA-CSIC) y la Universidad de Granada, Espa\u00f1a. Realiz\u00f3 estancias posdoctorales en el IAA-CSIC y en el Instituto de Astronom\u00eda y Astrof\u00edsica de la Academia Sinica (ASIAA) en Taiwan. Es investigador de la UNAM desde 2017.<br \/>\nEstudia el medio circunestelar alrededor de estrellas de baja y alta masa mediante observaciones en longitudes de onda en infrarrojo, \u00f3ptico y rayos X. Tambi\u00e9n estudia los rayos X provenientes de superburbujas en la Nube Mayor de Magallanes.<br \/>\nEl Dr. Toal\u00e1 organiza las reuniones del grupo de estrellas evolucionadas y adem\u00e1s es miembro del consejo editorial del Bolet\u00edn de la UNAM, Campus Morelia.<\/p>\n<\/div>\n<div class=\"col-12\">\n<div class=\"mb-1\"><small><strong>Research Area:\u00a0<\/strong><\/small>Evoluci\u00f3n estelar; medio interestelar (en la V\u00eda L\u00e1ctea y Nubes de Magallanes); medio circunestelar alrededor de estrellas de alta y baja masa; astronom\u00eda observacional (rayos X, UV, \u00f3ptico e IR).<\/div>\n<\/div>\n<div class=\"col-12 text-right\" style=\"text-align: right;\"><small><a href=\"https:\/\/groups.irya.unam.mx\/evostar\/web\/ads\/getpub\/3\/\" target=\"_blank\" rel=\"noopener noreferrer\">Publicaciones<\/a><\/small>\u00a0 <small><a href=\"https:\/\/ui.adsabs.harvard.edu\/search\/q=author:%22Jesus%20A.%20Toal%C3%A1%22%20collection:astronomy%20property:refereed%20year:1970-\" target=\"_blank\" rel=\"noopener noreferrer\">In ADS<\/a><\/small><\/div>\n<\/div>\n","protected":false},"excerpt":{"rendered":"<p>El objetivo de este proyecto es promover el pensamiento cient\u00edfico a trav\u00e9s de la astronom\u00eda a estudiantes en licenciatura y maestr\u00eda de todo M\u00e9xico. Este proyecto ha sido financiado a trav\u00e9s de la convocatoria PAPIME de DGAPA en 2016 (PE108016). La responsable principal es la Dra. Omaira Gonz\u00e1lez Mart\u00edn. Desde estos comienzos, hemos seguido manteniendo\u00a0la &hellip; <\/p>\n<p class=\"link-more\"><a href=\"https:\/\/www.omairagonzalez.com\/index.php\/acerca-de\/\" class=\"more-link\">Continuar leyendo<span class=\"screen-reader-text\"> &#8220;Acerca de&#8221;<\/span><\/a><\/p>\n","protected":false},"author":1,"featured_media":44,"parent":0,"menu_order":0,"comment_status":"closed","ping_status":"closed","template":"","meta":{"footnotes":""},"_links":{"self":[{"href":"https:\/\/www.omairagonzalez.com\/index.php\/wp-json\/wp\/v2\/pages\/17"}],"collection":[{"href":"https:\/\/www.omairagonzalez.com\/index.php\/wp-json\/wp\/v2\/pages"}],"about":[{"href":"https:\/\/www.omairagonzalez.com\/index.php\/wp-json\/wp\/v2\/types\/page"}],"author":[{"embeddable":true,"href":"https:\/\/www.omairagonzalez.com\/index.php\/wp-json\/wp\/v2\/users\/1"}],"replies":[{"embeddable":true,"href":"https:\/\/www.omairagonzalez.com\/index.php\/wp-json\/wp\/v2\/comments?post=17"}],"version-history":[{"count":15,"href":"https:\/\/www.omairagonzalez.com\/index.php\/wp-json\/wp\/v2\/pages\/17\/revisions"}],"predecessor-version":[{"id":224,"href":"https:\/\/www.omairagonzalez.com\/index.php\/wp-json\/wp\/v2\/pages\/17\/revisions\/224"}],"wp:featuredmedia":[{"embeddable":true,"href":"https:\/\/www.omairagonzalez.com\/index.php\/wp-json\/wp\/v2\/media\/44"}],"wp:attachment":[{"href":"https:\/\/www.omairagonzalez.com\/index.php\/wp-json\/wp\/v2\/media?parent=17"}],"curies":[{"name":"wp","href":"https:\/\/api.w.org\/{rel}","templated":true}]}}