{"id":16,"date":"2017-05-03T11:59:09","date_gmt":"2017-05-03T17:59:09","guid":{"rendered":"http:\/\/papime.shidix.es\/?page_id=16"},"modified":"2022-06-10T11:41:24","modified_gmt":"2022-06-10T17:41:24","slug":"inicio","status":"publish","type":"page","link":"https:\/\/www.omairagonzalez.com\/","title":{"rendered":"Inicio"},"content":{"rendered":"<p>\u00a1Bienvenido a Astroline!<\/p>\n<p>Nacemos como una plataforma interactiva para la divulgaci\u00f3n y aprendizaje de la Astronom\u00eda en M\u00e9xico.<\/p>\n<p>En este portal podr\u00e1s acceder a informaci\u00f3n acerca de talleres, escuelas, congresos, becas y actividades relacionadas con la Astronom\u00eda, y accediendo a nuestra plataforma de e-learning (<strong>pincha <a href=\"\/moodle\">aqu\u00ed<\/a><\/strong>) podr\u00e1s seguir nuestros cursos.<\/p>\n<table border=\"0\">\n<tbody>\n<tr>\n<td colspan=\"3\"><img loading=\"lazy\" decoding=\"async\" class=\"alignnone size-medium wp-image-38 aligncenter\" src=\"\/wp-content\/uploads\/2017\/05\/cropped-Astroline_logo-1-300x300.png\" alt=\"\" width=\"300\" height=\"300\" srcset=\"https:\/\/www.omairagonzalez.com\/wp-content\/uploads\/2017\/05\/cropped-Astroline_logo-1-300x300.png 300w, https:\/\/www.omairagonzalez.com\/wp-content\/uploads\/2017\/05\/cropped-Astroline_logo-1-150x150.png 150w, https:\/\/www.omairagonzalez.com\/wp-content\/uploads\/2017\/05\/cropped-Astroline_logo-1-100x100.png 100w, https:\/\/www.omairagonzalez.com\/wp-content\/uploads\/2017\/05\/cropped-Astroline_logo-1-270x270.png 270w, https:\/\/www.omairagonzalez.com\/wp-content\/uploads\/2017\/05\/cropped-Astroline_logo-1-192x192.png 192w, https:\/\/www.omairagonzalez.com\/wp-content\/uploads\/2017\/05\/cropped-Astroline_logo-1-180x180.png 180w, https:\/\/www.omairagonzalez.com\/wp-content\/uploads\/2017\/05\/cropped-Astroline_logo-1-32x32.png 32w, https:\/\/www.omairagonzalez.com\/wp-content\/uploads\/2017\/05\/cropped-Astroline_logo-1.png 512w\" sizes=\"(max-width: 300px) 100vw, 300px\" \/><\/td>\n<td><img loading=\"lazy\" decoding=\"async\" class=\"alignnone size-full wp-image-57 alignright\" src=\"\/wp-content\/uploads\/2017\/05\/dgapa_unam_negro.png\" alt=\"\" width=\"172\" height=\"75\" \/><\/td>\n<\/tr>\n<\/tbody>\n<\/table>\n","protected":false},"excerpt":{"rendered":"<p>\u00a1Bienvenido a Astroline! Nacemos como una plataforma interactiva para la divulgaci\u00f3n y aprendizaje de la Astronom\u00eda en M\u00e9xico. En este portal podr\u00e1s acceder a informaci\u00f3n acerca de talleres, escuelas, congresos, becas y actividades relacionadas con la Astronom\u00eda, y accediendo a nuestra plataforma de e-learning (pincha aqu\u00ed) podr\u00e1s seguir nuestros cursos.<\/p>\n","protected":false},"author":1,"featured_media":0,"parent":0,"menu_order":0,"comment_status":"closed","ping_status":"closed","template":"","meta":{"footnotes":""},"_links":{"self":[{"href":"https:\/\/www.omairagonzalez.com\/index.php\/wp-json\/wp\/v2\/pages\/16"}],"collection":[{"href":"https:\/\/www.omairagonzalez.com\/index.php\/wp-json\/wp\/v2\/pages"}],"about":[{"href":"https:\/\/www.omairagonzalez.com\/index.php\/wp-json\/wp\/v2\/types\/page"}],"author":[{"embeddable":true,"href":"https:\/\/www.omairagonzalez.com\/index.php\/wp-json\/wp\/v2\/users\/1"}],"replies":[{"embeddable":true,"href":"https:\/\/www.omairagonzalez.com\/index.php\/wp-json\/wp\/v2\/comments?post=16"}],"version-history":[{"count":12,"href":"https:\/\/www.omairagonzalez.com\/index.php\/wp-json\/wp\/v2\/pages\/16\/revisions"}],"predecessor-version":[{"id":236,"href":"https:\/\/www.omairagonzalez.com\/index.php\/wp-json\/wp\/v2\/pages\/16\/revisions\/236"}],"wp:attachment":[{"href":"https:\/\/www.omairagonzalez.com\/index.php\/wp-json\/wp\/v2\/media?parent=16"}],"curies":[{"name":"wp","href":"https:\/\/api.w.org\/{rel}","templated":true}]}}